{"id":3344,"date":"2025-04-14T21:22:07","date_gmt":"2025-04-15T00:22:07","guid":{"rendered":"https:\/\/interoceanica.com.bo\/?post_type=product&#038;p=3344"},"modified":"2025-04-14T21:29:47","modified_gmt":"2025-04-15T00:29:47","slug":"ultrapro-bs","status":"publish","type":"product","link":"https:\/\/interoceanica.com.bo\/index.php\/producto\/ultrapro-bs\/","title":{"rendered":"ULTRAPRO BS"},"content":{"rendered":"<p>El ULTRA PRO Body Slimming ofrece una completa combinaci\u00f3n de terapias de ELECTRO ESTIMULACI\u00d3N MUSCULAR, ULTRASONIDO E INFRARROJO. Convirti\u00e9ndose en un la mejor opci\u00f3n para quienes buscan una herramienta completa.<\/p>\n","protected":false},"excerpt":{"rendered":"<ul>\n<li id=\"tab-title-description\" class=\"description_tab resp-tab-item resp-tab-active\" role=\"tab\" aria-controls=\"tab_item-0\">Descripci\u00f3n<\/li>\n<\/ul>\n<p><strong>El ULTRAPRO<\/strong>\u00a0Body Slimming ofrece &#8230; <\/p>\n","protected":false},"featured_media":3346,"comment_status":"open","ping_status":"closed","template":"","meta":[],"product_brand":[],"product_cat":[87],"product_tag":[],"class_list":{"0":"post-3344","1":"product","2":"type-product","3":"status-publish","4":"has-post-thumbnail","6":"product_cat-salud","8":"first","9":"instock","10":"featured","11":"shipping-taxable","12":"product-type-simple"},"_links":{"self":[{"href":"https:\/\/interoceanica.com.bo\/index.php\/wp-json\/wp\/v2\/product\/3344","targetHints":{"allow":["GET"]}}],"collection":[{"href":"https:\/\/interoceanica.com.bo\/index.php\/wp-json\/wp\/v2\/product"}],"about":[{"href":"https:\/\/interoceanica.com.bo\/index.php\/wp-json\/wp\/v2\/types\/product"}],"replies":[{"embeddable":true,"href":"https:\/\/interoceanica.com.bo\/index.php\/wp-json\/wp\/v2\/comments?post=3344"}],"wp:featuredmedia":[{"embeddable":true,"href":"https:\/\/interoceanica.com.bo\/index.php\/wp-json\/wp\/v2\/media\/3346"}],"wp:attachment":[{"href":"https:\/\/interoceanica.com.bo\/index.php\/wp-json\/wp\/v2\/media?parent=3344"}],"wp:term":[{"taxonomy":"product_brand","embeddable":true,"href":"https:\/\/interoceanica.com.bo\/index.php\/wp-json\/wp\/v2\/product_brand?post=3344"},{"taxonomy":"product_cat","embeddable":true,"href":"https:\/\/interoceanica.com.bo\/index.php\/wp-json\/wp\/v2\/product_cat?post=3344"},{"taxonomy":"product_tag","embeddable":true,"href":"https:\/\/interoceanica.com.bo\/index.php\/wp-json\/wp\/v2\/product_tag?post=3344"}],"curies":[{"name":"wp","href":"https:\/\/api.w.org\/{rel}","templated":true}]}}