{"id":3241,"date":"2025-03-04T18:34:51","date_gmt":"2025-03-04T21:34:51","guid":{"rendered":"https:\/\/interoceanica.com.bo\/?post_type=product&#038;p=3241"},"modified":"2025-03-04T19:55:31","modified_gmt":"2025-03-04T22:55:31","slug":"camara-ptz-8mp-zoom-4x","status":"publish","type":"product","link":"https:\/\/interoceanica.com.bo\/index.php\/producto\/camara-ptz-8mp-zoom-4x\/","title":{"rendered":"C\u00e1mara PTZ  8MP, Zoom 4X"},"content":{"rendered":"<p>C\u00e1mara PTZ de vigilancia de seguridad inal\u00e1mbrica de 8MP, Wifi IP, c\u00e1maras con Zoom 4X para exteriores, seguimiento humano AI, Audio bidireccional, c\u00e1mara nocturna HD a Color<\/p>\n<p>Mejores Camara Inal\u00e1mbrica Exterior|Camara Inal\u00e1mbrica|C\u00e1mara PTZ de 8MP:Captura im\u00e1genes n\u00edtidas con rotaci\u00f3n PTZ de 355\u00b0 horizontal y 90\u00b0 vertical.<br \/>\nVisi\u00f3n nocturna inteligente:Permite visi\u00f3n en color y infrarrojo para una vigilancia efectiva en condiciones de oscuridad.<br \/>\nAudio bidireccional:Comunicaci\u00f3n bidireccional con micr\u00f3fono y altavoz para una comunicaci\u00f3n inmediata.<br \/>\nCompatibilidad con m\u00faltiples sistemas:Funciona con Windows, Mac, Android y iOS, facilitando la vigilancia en cualquier dispositivo.<br \/>\nCompresi\u00f3n H.265 avanzada:Captura video de alta definici\u00f3n con una eficiencia de almacenamiento superior.<\/p>\n<p align=\"start\"><strong>Funci\u00f3n impermeable IP66<\/strong><br \/>\nEntorno de trabajo<br \/>\nAdopte tecnolog\u00eda ultra avanzada, adecuada para trabajar entre -10\u2103-50\u2103<\/p>\n<div>\n<p><strong>Audio bidireccional<\/strong><\/p>\n<p>Este sistema de c\u00e1mara de seguridad para el hogar le permite escuchar y responder a trav\u00e9s del altavoz y el micr\u00f3fono integrados que funcionan directamente a trav\u00e9s de su tel\u00e9fono.Disfrute de una comunicaci\u00f3n conveniente cuando est\u00e9 descansando o ocupado.<\/p>\n<\/div>\n","protected":false},"excerpt":{"rendered":"<p>Caracter\u00edstica:<\/p>\n<p>1.Soporte2,4G y 5GWIFI.<br \/>\n2.3MP(2560&#215;1440) \/5MP(2880&#215;1620) Resoluci\u00f3n HD<br \/>\n3.PTZ: Gira355grados izquierda y derecha y &#8230; <\/p>\n","protected":false},"featured_media":3244,"comment_status":"open","ping_status":"closed","template":"","meta":[],"product_brand":[],"product_cat":[65,61,64,62],"product_tag":[],"class_list":{"0":"post-3241","1":"product","2":"type-product","3":"status-publish","4":"has-post-thumbnail","6":"product_cat-accesorios-varios","7":"product_cat-lentes","8":"product_cat-sistemas-de-seguridad","9":"product_cat-tecnologia-inteligente","11":"first","12":"instock","13":"featured","14":"shipping-taxable","15":"product-type-simple"},"_links":{"self":[{"href":"https:\/\/interoceanica.com.bo\/index.php\/wp-json\/wp\/v2\/product\/3241","targetHints":{"allow":["GET"]}}],"collection":[{"href":"https:\/\/interoceanica.com.bo\/index.php\/wp-json\/wp\/v2\/product"}],"about":[{"href":"https:\/\/interoceanica.com.bo\/index.php\/wp-json\/wp\/v2\/types\/product"}],"replies":[{"embeddable":true,"href":"https:\/\/interoceanica.com.bo\/index.php\/wp-json\/wp\/v2\/comments?post=3241"}],"wp:featuredmedia":[{"embeddable":true,"href":"https:\/\/interoceanica.com.bo\/index.php\/wp-json\/wp\/v2\/media\/3244"}],"wp:attachment":[{"href":"https:\/\/interoceanica.com.bo\/index.php\/wp-json\/wp\/v2\/media?parent=3241"}],"wp:term":[{"taxonomy":"product_brand","embeddable":true,"href":"https:\/\/interoceanica.com.bo\/index.php\/wp-json\/wp\/v2\/product_brand?post=3241"},{"taxonomy":"product_cat","embeddable":true,"href":"https:\/\/interoceanica.com.bo\/index.php\/wp-json\/wp\/v2\/product_cat?post=3241"},{"taxonomy":"product_tag","embeddable":true,"href":"https:\/\/interoceanica.com.bo\/index.php\/wp-json\/wp\/v2\/product_tag?post=3241"}],"curies":[{"name":"wp","href":"https:\/\/api.w.org\/{rel}","templated":true}]}}