{"id":2980,"date":"2025-03-01T09:36:10","date_gmt":"2025-03-01T12:36:10","guid":{"rendered":"https:\/\/interoceanica.com.bo\/?post_type=product&#038;p=2980"},"modified":"2025-03-01T19:02:22","modified_gmt":"2025-03-01T22:02:22","slug":"generador-solar-5000w","status":"publish","type":"product","link":"https:\/\/interoceanica.com.bo\/index.php\/producto\/generador-solar-5000w\/","title":{"rendered":"Generador solar 5000W"},"content":{"rendered":"<div id=\"sellingpoint\" class=\"header\">\n<h2>Acerca de este product<\/h2>\n<\/div>\n<ul class=\"\">\n<li data-spm-anchor-id=\"a2700.details.0.i112.229235eakeojAz\">Fuente de energ\u00eda confiable: Nuestra central el\u00e9ctrica se equipa de una bater\u00eda de alta capacidad del hierro del litio LiFePO4, proporcionando una fuente de energ\u00eda duradera y eficiente para el uso interior y al aire libre, como lo desee el usuario.<\/li>\n<li data-spm-anchor-id=\"a2700.details.0.i79.229235eakeojAz\">M\u00faltiples opciones de carga: esta central el\u00e9ctrica port\u00e1til se puede cargar a trav\u00e9s del adaptador de CA, el autom\u00f3vil o el panel solar, lo que ofrece flexibilidad y comodidad para los usuarios que requieren energ\u00eda sobre la marcha<\/li>\n<li data-spm-anchor-id=\"a2700.details.0.i111.229235eakeojAz\">Amplia gama de salidas: Con un inversor de onda sinusoidal pura y un controlador MPPT, proporciona una salida estable y eficiente esta central el\u00e9ctrica de hasta 3000W, adecuada para una variedad de aplicaciones, incluyendo alimentar electrodom\u00e9sticos y herramientas.<\/li>\n<li>Caracter\u00edsticas avanzadas de seguridad: Las certificaciones inteligentes incorporadas BMS y CE\/FCC\/ROHS\/MSDS\/UN38.3 garantizan un funcionamiento seguro y confiable, proporcionando tranquilidad a los usuarios que valoran la seguridad.<\/li>\n<li data-spm-anchor-id=\"a2700.details.0.i78.229235eakeojAz\">Dise\u00f1o multifuncional: esta central el\u00e9ctrica viene equipada con una gama de caracter\u00edsticas especiales, incluyendo un arrancador de salto, linterna, carga inal\u00e1mbrica y encendedor de cigarros, por lo que es una opci\u00f3n ideal para los usuarios que requieren una soluci\u00f3n de energ\u00eda vers\u00e1til y conveniente.<\/li>\n<\/ul>\n","protected":false},"excerpt":{"rendered":"<p><img fetchpriority=\"high\" decoding=\"async\" class=\"alignnone wp-image-2981 size-full\" src=\"https:\/\/interoceanica.com.bo\/wp-content\/uploads\/2025\/03\/abb-gs5000w-1.webp\" alt=\"\" width=\"631\" height=\"871\" srcset=\"https:\/\/interoceanica.com.bo\/wp-content\/uploads\/2025\/03\/abb-gs5000w-1.webp 631w, https:\/\/interoceanica.com.bo\/wp-content\/uploads\/2025\/03\/abb-gs5000w-1-217x300.webp 217w, https:\/\/interoceanica.com.bo\/wp-content\/uploads\/2025\/03\/abb-gs5000w-1-600x828.webp 600w\" sizes=\"(max-width: 631px) 100vw, 631px\" \/> &#8230; <\/p>\n","protected":false},"featured_media":2982,"comment_status":"open","ping_status":"closed","template":"","meta":[],"product_brand":[80,84,85],"product_cat":[15],"product_tag":[],"class_list":{"0":"post-2980","1":"product","2":"type-product","3":"status-publish","4":"has-post-thumbnail","6":"product_brand-electricos","7":"product_brand-solar","8":"product_brand-tecnologias","9":"product_cat-vehiculoa-electricos","11":"first","12":"instock","13":"featured","14":"shipping-taxable","15":"product-type-simple"},"_links":{"self":[{"href":"https:\/\/interoceanica.com.bo\/index.php\/wp-json\/wp\/v2\/product\/2980","targetHints":{"allow":["GET"]}}],"collection":[{"href":"https:\/\/interoceanica.com.bo\/index.php\/wp-json\/wp\/v2\/product"}],"about":[{"href":"https:\/\/interoceanica.com.bo\/index.php\/wp-json\/wp\/v2\/types\/product"}],"replies":[{"embeddable":true,"href":"https:\/\/interoceanica.com.bo\/index.php\/wp-json\/wp\/v2\/comments?post=2980"}],"wp:featuredmedia":[{"embeddable":true,"href":"https:\/\/interoceanica.com.bo\/index.php\/wp-json\/wp\/v2\/media\/2982"}],"wp:attachment":[{"href":"https:\/\/interoceanica.com.bo\/index.php\/wp-json\/wp\/v2\/media?parent=2980"}],"wp:term":[{"taxonomy":"product_brand","embeddable":true,"href":"https:\/\/interoceanica.com.bo\/index.php\/wp-json\/wp\/v2\/product_brand?post=2980"},{"taxonomy":"product_cat","embeddable":true,"href":"https:\/\/interoceanica.com.bo\/index.php\/wp-json\/wp\/v2\/product_cat?post=2980"},{"taxonomy":"product_tag","embeddable":true,"href":"https:\/\/interoceanica.com.bo\/index.php\/wp-json\/wp\/v2\/product_tag?post=2980"}],"curies":[{"name":"wp","href":"https:\/\/api.w.org\/{rel}","templated":true}]}}