{"id":2703,"date":"2025-02-26T18:34:12","date_gmt":"2025-02-26T21:34:12","guid":{"rendered":"https:\/\/interoceanica.com.bo\/?post_type=product&#038;p=2703"},"modified":"2025-03-01T19:03:27","modified_gmt":"2025-03-01T22:03:27","slug":"zapatos-de-baloncesto","status":"publish","type":"product","link":"https:\/\/interoceanica.com.bo\/index.php\/producto\/zapatos-de-baloncesto\/","title":{"rendered":"Zapatos De Baloncesto"},"content":{"rendered":"<p><span class=\"_25g_jM0z\">Zapatos De Baloncesto De Alta Calidad Y Tendencia Para Ni\u00f1os Con Hebilla Giratoria, C\u00f3modos Antideslizantes Con Absorci\u00f3n De Impactos Para Actividades Al Aire Libre<\/span><\/p>\n","protected":false},"excerpt":{"rendered":"<p>Detalles del producto<\/p>\n<p>Estampado: Geom\u00e9trico, Muar\u00e9, Lunares<br \/>\nTemporada: Todas las temporadas<br \/>\nCalzado infantil seg\u00fan &#8230; <\/p>\n","protected":false},"featured_media":2705,"comment_status":"open","ping_status":"closed","template":"","meta":[],"product_brand":[86],"product_cat":[46],"product_tag":[],"class_list":{"0":"post-2703","1":"product","2":"type-product","3":"status-publish","4":"has-post-thumbnail","6":"product_brand-vestuario","7":"product_cat-vestuario","9":"first","10":"instock","11":"featured","12":"shipping-taxable","13":"product-type-simple"},"_links":{"self":[{"href":"https:\/\/interoceanica.com.bo\/index.php\/wp-json\/wp\/v2\/product\/2703","targetHints":{"allow":["GET"]}}],"collection":[{"href":"https:\/\/interoceanica.com.bo\/index.php\/wp-json\/wp\/v2\/product"}],"about":[{"href":"https:\/\/interoceanica.com.bo\/index.php\/wp-json\/wp\/v2\/types\/product"}],"replies":[{"embeddable":true,"href":"https:\/\/interoceanica.com.bo\/index.php\/wp-json\/wp\/v2\/comments?post=2703"}],"wp:featuredmedia":[{"embeddable":true,"href":"https:\/\/interoceanica.com.bo\/index.php\/wp-json\/wp\/v2\/media\/2705"}],"wp:attachment":[{"href":"https:\/\/interoceanica.com.bo\/index.php\/wp-json\/wp\/v2\/media?parent=2703"}],"wp:term":[{"taxonomy":"product_brand","embeddable":true,"href":"https:\/\/interoceanica.com.bo\/index.php\/wp-json\/wp\/v2\/product_brand?post=2703"},{"taxonomy":"product_cat","embeddable":true,"href":"https:\/\/interoceanica.com.bo\/index.php\/wp-json\/wp\/v2\/product_cat?post=2703"},{"taxonomy":"product_tag","embeddable":true,"href":"https:\/\/interoceanica.com.bo\/index.php\/wp-json\/wp\/v2\/product_tag?post=2703"}],"curies":[{"name":"wp","href":"https:\/\/api.w.org\/{rel}","templated":true}]}}