{"id":2594,"date":"2025-02-26T15:34:11","date_gmt":"2025-02-26T18:34:11","guid":{"rendered":"https:\/\/interoceanica.com.bo\/?post_type=product&#038;p=2594"},"modified":"2026-02-09T02:23:22","modified_gmt":"2026-02-09T05:23:22","slug":"radio-portatil-baofeng","status":"publish","type":"product","link":"https:\/\/interoceanica.com.bo\/index.php\/producto\/radio-portatil-baofeng\/","title":{"rendered":"Radio Port\u00e1til BAOFENG"},"content":{"rendered":"<p><span class=\"_25g_jM0z\">2 unidades de radio port\u00e1til BAOFENG BF-888S UHF 400-480MHz para radioaficionados, comunicador de dos v\u00edas port\u00e1til UHF para adultos, senderismo, ciclismo, camping<\/span><\/p>\n","protected":false},"excerpt":{"rendered":"<h2 class=\"FSPfUoK9\">Detalles del producto<\/h2>\n<div class=\"_2XdTxTLN\"><\/div>\n<div>\n<div class=\"_1YBVObhm\" tabindex=\"0\" role=\"button\" aria-label=\"Grado de resistencia ...  \n\n","protected":false},"featured_media":2596,"comment_status":"open","ping_status":"closed","template":"","meta":[],"product_brand":[80,82,83,85],"product_cat":[51,64,62],"product_tag":[],"class_list":{"0":"post-2594","1":"product","2":"type-product","3":"status-publish","4":"has-post-thumbnail","6":"product_brand-electricos","7":"product_brand-scooter-monopatin","8":"product_brand-seguridad","9":"product_brand-tecnologias","10":"product_cat-herramientas","11":"product_cat-sistemas-de-seguridad","12":"product_cat-tecnologia-inteligente","14":"first","15":"instock","16":"shipping-taxable","17":"product-type-simple"},"_links":{"self":[{"href":"https:\/\/interoceanica.com.bo\/index.php\/wp-json\/wp\/v2\/product\/2594","targetHints":{"allow":["GET"]}}],"collection":[{"href":"https:\/\/interoceanica.com.bo\/index.php\/wp-json\/wp\/v2\/product"}],"about":[{"href":"https:\/\/interoceanica.com.bo\/index.php\/wp-json\/wp\/v2\/types\/product"}],"replies":[{"embeddable":true,"href":"https:\/\/interoceanica.com.bo\/index.php\/wp-json\/wp\/v2\/comments?post=2594"}],"wp:featuredmedia":[{"embeddable":true,"href":"https:\/\/interoceanica.com.bo\/index.php\/wp-json\/wp\/v2\/media\/2596"}],"wp:attachment":[{"href":"https:\/\/interoceanica.com.bo\/index.php\/wp-json\/wp\/v2\/media?parent=2594"}],"wp:term":[{"taxonomy":"product_brand","embeddable":true,"href":"https:\/\/interoceanica.com.bo\/index.php\/wp-json\/wp\/v2\/product_brand?post=2594"},{"taxonomy":"product_cat","embeddable":true,"href":"https:\/\/interoceanica.com.bo\/index.php\/wp-json\/wp\/v2\/product_cat?post=2594"},{"taxonomy":"product_tag","embeddable":true,"href":"https:\/\/interoceanica.com.bo\/index.php\/wp-json\/wp\/v2\/product_tag?post=2594"}],"curies":[{"name":"wp","href":"https:\/\/api.w.org\/{rel}","templated":true}]}}