{"id":2585,"date":"2025-02-26T15:09:23","date_gmt":"2025-02-26T18:09:23","guid":{"rendered":"https:\/\/interoceanica.com.bo\/?post_type=product&#038;p=2585"},"modified":"2025-03-01T13:44:30","modified_gmt":"2025-03-01T16:44:30","slug":"telescopio-monocular-portatil","status":"publish","type":"product","link":"https:\/\/interoceanica.com.bo\/index.php\/producto\/telescopio-monocular-portatil\/","title":{"rendered":"Telescopio Monocular Port\u00e1til"},"content":{"rendered":"<p>Telescopio Monocular Port\u00e1til de Alta Definici\u00f3n 10&#215;42 para Adultos &#8211; Lente FMC, Visi\u00f3n Clara a Larga Distancia, Compacto y Ligero para Camping al Aire Libre, Senderismo, Pesca, Exploraci\u00f3n, Observaci\u00f3n de Vida Silvestre, Conciertos, Eventos Deportivos, Observaci\u00f3n de Aves<\/p>\n","protected":false},"excerpt":{"rendered":"<h2 class=\"FSPfUoK9\">Detalles del producto<\/h2>\n<div class=\"_8O63Jowt\">\n<div class=\"_2XdTxTLN\"><\/div>\n<\/div>\n<div>\n<div class=\"_1YBVObhm\" tabindex=\"0\" role=\"button\" aria-label=\"Ampliaci\u00f3n m\u00e1xima: ...  \n\n","protected":false},"featured_media":2593,"comment_status":"open","ping_status":"closed","template":"","meta":[],"product_brand":[85],"product_cat":[62,46],"product_tag":[],"class_list":{"0":"post-2585","1":"product","2":"type-product","3":"status-publish","4":"has-post-thumbnail","6":"product_brand-tecnologias","7":"product_cat-tecnologia-inteligente","8":"product_cat-vestuario","10":"first","11":"instock","12":"shipping-taxable","13":"product-type-simple"},"_links":{"self":[{"href":"https:\/\/interoceanica.com.bo\/index.php\/wp-json\/wp\/v2\/product\/2585","targetHints":{"allow":["GET"]}}],"collection":[{"href":"https:\/\/interoceanica.com.bo\/index.php\/wp-json\/wp\/v2\/product"}],"about":[{"href":"https:\/\/interoceanica.com.bo\/index.php\/wp-json\/wp\/v2\/types\/product"}],"replies":[{"embeddable":true,"href":"https:\/\/interoceanica.com.bo\/index.php\/wp-json\/wp\/v2\/comments?post=2585"}],"wp:featuredmedia":[{"embeddable":true,"href":"https:\/\/interoceanica.com.bo\/index.php\/wp-json\/wp\/v2\/media\/2593"}],"wp:attachment":[{"href":"https:\/\/interoceanica.com.bo\/index.php\/wp-json\/wp\/v2\/media?parent=2585"}],"wp:term":[{"taxonomy":"product_brand","embeddable":true,"href":"https:\/\/interoceanica.com.bo\/index.php\/wp-json\/wp\/v2\/product_brand?post=2585"},{"taxonomy":"product_cat","embeddable":true,"href":"https:\/\/interoceanica.com.bo\/index.php\/wp-json\/wp\/v2\/product_cat?post=2585"},{"taxonomy":"product_tag","embeddable":true,"href":"https:\/\/interoceanica.com.bo\/index.php\/wp-json\/wp\/v2\/product_tag?post=2585"}],"curies":[{"name":"wp","href":"https:\/\/api.w.org\/{rel}","templated":true}]}}