{"id":2562,"date":"2025-02-26T13:35:03","date_gmt":"2025-02-26T16:35:03","guid":{"rendered":"https:\/\/interoceanica.com.bo\/?post_type=product&#038;p=2562"},"modified":"2025-03-01T13:44:11","modified_gmt":"2025-03-01T16:44:11","slug":"taladro-driver-inalambrico-de-doble-modo","status":"publish","type":"product","link":"https:\/\/interoceanica.com.bo\/index.php\/producto\/taladro-driver-inalambrico-de-doble-modo\/","title":{"rendered":"Taladro Driver inal\u00e1mbrico de doble modo"},"content":{"rendered":"<p><span class=\"_25g_jM0z\">1pc Hormy 18V Taladro\/Driver inal\u00e1mbrico de doble modo, 380N.m de par alto, bits cuadrados de 1\/4&#8243; y 1\/2&#8243; hex, 3 velocidades, motor sin escobillas, caja de cambios de aleaci\u00f3n, herramienta profesional para reparaciones en casa y autom\u00f3vil con bater\u00eda de iones de litio recargable, enchufe est\u00e1ndar europeo<\/span><\/p>\n","protected":false},"excerpt":{"rendered":"<h2 class=\"FSPfUoK9\">Detalles del producto<\/h2>\n<div>\n<div class=\"_1YBVObhm\" tabindex=\"0\" role=\"button\" aria-label=\"Modo operativo: Bater\u00eda\">Modo operativo: &#8230; <\/p>\n","protected":false},"featured_media":2564,"comment_status":"open","ping_status":"closed","template":"","meta":[],"product_brand":[80,85],"product_cat":[51,46],"product_tag":[],"class_list":{"0":"post-2562","1":"product","2":"type-product","3":"status-publish","4":"has-post-thumbnail","6":"product_brand-electricos","7":"product_brand-tecnologias","8":"product_cat-herramientas","9":"product_cat-vestuario","11":"first","12":"instock","13":"shipping-taxable","14":"product-type-simple"},"_links":{"self":[{"href":"https:\/\/interoceanica.com.bo\/index.php\/wp-json\/wp\/v2\/product\/2562","targetHints":{"allow":["GET"]}}],"collection":[{"href":"https:\/\/interoceanica.com.bo\/index.php\/wp-json\/wp\/v2\/product"}],"about":[{"href":"https:\/\/interoceanica.com.bo\/index.php\/wp-json\/wp\/v2\/types\/product"}],"replies":[{"embeddable":true,"href":"https:\/\/interoceanica.com.bo\/index.php\/wp-json\/wp\/v2\/comments?post=2562"}],"wp:featuredmedia":[{"embeddable":true,"href":"https:\/\/interoceanica.com.bo\/index.php\/wp-json\/wp\/v2\/media\/2564"}],"wp:attachment":[{"href":"https:\/\/interoceanica.com.bo\/index.php\/wp-json\/wp\/v2\/media?parent=2562"}],"wp:term":[{"taxonomy":"product_brand","embeddable":true,"href":"https:\/\/interoceanica.com.bo\/index.php\/wp-json\/wp\/v2\/product_brand?post=2562"},{"taxonomy":"product_cat","embeddable":true,"href":"https:\/\/interoceanica.com.bo\/index.php\/wp-json\/wp\/v2\/product_cat?post=2562"},{"taxonomy":"product_tag","embeddable":true,"href":"https:\/\/interoceanica.com.bo\/index.php\/wp-json\/wp\/v2\/product_tag?post=2562"}],"curies":[{"name":"wp","href":"https:\/\/api.w.org\/{rel}","templated":true}]}}