{"id":2533,"date":"2025-02-26T12:41:46","date_gmt":"2025-02-26T15:41:46","guid":{"rendered":"https:\/\/interoceanica.com.bo\/?post_type=product&#038;p=2533"},"modified":"2025-03-01T13:49:53","modified_gmt":"2025-03-01T16:49:53","slug":"niveles-laser-premium","status":"publish","type":"product","link":"https:\/\/interoceanica.com.bo\/index.php\/producto\/niveles-laser-premium\/","title":{"rendered":"Niveles L\u00e1ser Premium"},"content":{"rendered":"<p>Juego de niveles l\u00e1ser Premium GZG con 4X360 autonivelante, que cuenta con 16 l\u00edneas de haz verde en cruz 4D. Esta herramienta l\u00e1ser profesional incluye modo de pulso, ideal para construcci\u00f3n, colocaci\u00f3n de azulejos y colgar cuadros, y viene con 1 bater\u00eda, un control remoto, una base de elevaci\u00f3n y un estuche de tela Oxford.<\/p>\n","protected":false},"excerpt":{"rendered":"<div class=\"_2R_25RK2\">\n<h2 class=\"FSPfUoK9\">Detalles del producto<\/h2>\n<\/div>\n<div class=\"B_OB3uj0\">\n<div>\n<div class=\"_1YBVObhm\" tabindex=\"0\" role=\"button\" aria-label=\"Material: Pl\u00e1stico\">Material: &#8230; <\/p>\n","protected":false},"featured_media":2536,"comment_status":"open","ping_status":"closed","template":"","meta":[],"product_brand":[82,85],"product_cat":[51,62],"product_tag":[],"class_list":{"0":"post-2533","1":"product","2":"type-product","3":"status-publish","4":"has-post-thumbnail","6":"product_brand-scooter-monopatin","7":"product_brand-tecnologias","8":"product_cat-herramientas","9":"product_cat-tecnologia-inteligente","11":"first","12":"instock","13":"shipping-taxable","14":"product-type-simple"},"_links":{"self":[{"href":"https:\/\/interoceanica.com.bo\/index.php\/wp-json\/wp\/v2\/product\/2533","targetHints":{"allow":["GET"]}}],"collection":[{"href":"https:\/\/interoceanica.com.bo\/index.php\/wp-json\/wp\/v2\/product"}],"about":[{"href":"https:\/\/interoceanica.com.bo\/index.php\/wp-json\/wp\/v2\/types\/product"}],"replies":[{"embeddable":true,"href":"https:\/\/interoceanica.com.bo\/index.php\/wp-json\/wp\/v2\/comments?post=2533"}],"wp:featuredmedia":[{"embeddable":true,"href":"https:\/\/interoceanica.com.bo\/index.php\/wp-json\/wp\/v2\/media\/2536"}],"wp:attachment":[{"href":"https:\/\/interoceanica.com.bo\/index.php\/wp-json\/wp\/v2\/media?parent=2533"}],"wp:term":[{"taxonomy":"product_brand","embeddable":true,"href":"https:\/\/interoceanica.com.bo\/index.php\/wp-json\/wp\/v2\/product_brand?post=2533"},{"taxonomy":"product_cat","embeddable":true,"href":"https:\/\/interoceanica.com.bo\/index.php\/wp-json\/wp\/v2\/product_cat?post=2533"},{"taxonomy":"product_tag","embeddable":true,"href":"https:\/\/interoceanica.com.bo\/index.php\/wp-json\/wp\/v2\/product_tag?post=2533"}],"curies":[{"name":"wp","href":"https:\/\/api.w.org\/{rel}","templated":true}]}}