{"id":2443,"date":"2025-02-24T14:20:41","date_gmt":"2025-02-24T17:20:41","guid":{"rendered":"https:\/\/interoceanica.com.bo\/?post_type=product&#038;p=2443"},"modified":"2025-03-01T13:50:20","modified_gmt":"2025-03-01T16:50:20","slug":"personalizado-15-6-pulgadas-i5-i7","status":"publish","type":"product","link":"https:\/\/interoceanica.com.bo\/index.php\/producto\/personalizado-15-6-pulgadas-i5-i7\/","title":{"rendered":"Personalizado 15.6 Pulgadas I5 I7"},"content":{"rendered":"<p>Acerca de este port\u00e1til:<\/p>\n<p>gr\u00e1ficos impresionantes:\u00a0\u00a0La impresionante NVIDIA GeForce RTX 3060\/3070, con tecnolog\u00eda de la arquitectura RTX de 2nd generaciones de NVIDIA, ofrece gr\u00e1ficos realistas y caracter\u00edsticas avanzadas de IA, la tarjeta gr\u00e1fica para hacer brillar su experiencia de juego.<br \/>\nSoporte:\u00a0Los procesadores Intel Core i7 de 11th generaciones ofrecen la m\u00e1xima eficiencia en juegos, multitarea y productividad.<br \/>\nSmooth Display:\u00a0\u00a0La pantalla de 15,6 pulgadas ofrece una velocidad de actualizaci\u00f3n ultrarr\u00e1pida para una experiencia de juego fluida y vibrante.<br \/>\npotente rendimiento:\u00a0\u00a0El r\u00e1pido y eficiente procesador i7 te permite transmitir, jugar y aventurarte m\u00e1s sin tiempo de posposici\u00f3n.<br \/>\nWindows 11 Pro:\u00a0\u00a0Pensar, expresar y crear productivamente con controles naturales en un entorno ultra seguro.<br \/>\nteclado retroiluminado:\u00a0\u00a0Equipado con un teclado de escritorio y un estilo de retroiluminaci\u00f3n RGB \u00fanico, puede jugar o trabajar f\u00e1cilmente incluso en entornos con poca luz NVIDIA GeForce RTX 3060 Tarjeta gr\u00e1fica\u00a0experiencia gr\u00e1fica trazado por rayos, iluminaci\u00f3n realista y velocidades de cuadro suaves para un juego que cobra vida. Sum\u00e9rgete en una calidad visual asombrosa y en detalles complejos con tecnolog\u00edas avanzadas como el trazado de rayos en tiempo real.<\/p>\n","protected":false},"excerpt":{"rendered":"<p><img fetchpriority=\"high\" decoding=\"async\" class=\"alignnone wp-image-2444 size-full\" src=\"https:\/\/interoceanica.com.bo\/wp-content\/uploads\/2025\/02\/mic-por-1.webp\" alt=\"\" width=\"975\" height=\"429\" srcset=\"https:\/\/interoceanica.com.bo\/wp-content\/uploads\/2025\/02\/mic-por-1.webp 975w, https:\/\/interoceanica.com.bo\/wp-content\/uploads\/2025\/02\/mic-por-1-300x132.webp 300w, https:\/\/interoceanica.com.bo\/wp-content\/uploads\/2025\/02\/mic-por-1-768x338.webp 768w, https:\/\/interoceanica.com.bo\/wp-content\/uploads\/2025\/02\/mic-por-1-600x264.webp 600w\" sizes=\"(max-width: 975px) 100vw, 975px\" \/> <img class=\"alignnone ... \n<\/p>\n","protected":false},"featured_media":2453,"comment_status":"open","ping_status":"closed","template":"","meta":[],"product_brand":[80,85],"product_cat":[15,62],"product_tag":[],"class_list":{"0":"post-2443","1":"product","2":"type-product","3":"status-publish","4":"has-post-thumbnail","6":"product_brand-electricos","7":"product_brand-tecnologias","8":"product_cat-vehiculoa-electricos","9":"product_cat-tecnologia-inteligente","11":"first","12":"instock","13":"shipping-taxable","14":"product-type-simple"},"_links":{"self":[{"href":"https:\/\/interoceanica.com.bo\/index.php\/wp-json\/wp\/v2\/product\/2443","targetHints":{"allow":["GET"]}}],"collection":[{"href":"https:\/\/interoceanica.com.bo\/index.php\/wp-json\/wp\/v2\/product"}],"about":[{"href":"https:\/\/interoceanica.com.bo\/index.php\/wp-json\/wp\/v2\/types\/product"}],"replies":[{"embeddable":true,"href":"https:\/\/interoceanica.com.bo\/index.php\/wp-json\/wp\/v2\/comments?post=2443"}],"wp:featuredmedia":[{"embeddable":true,"href":"https:\/\/interoceanica.com.bo\/index.php\/wp-json\/wp\/v2\/media\/2453"}],"wp:attachment":[{"href":"https:\/\/interoceanica.com.bo\/index.php\/wp-json\/wp\/v2\/media?parent=2443"}],"wp:term":[{"taxonomy":"product_brand","embeddable":true,"href":"https:\/\/interoceanica.com.bo\/index.php\/wp-json\/wp\/v2\/product_brand?post=2443"},{"taxonomy":"product_cat","embeddable":true,"href":"https:\/\/interoceanica.com.bo\/index.php\/wp-json\/wp\/v2\/product_cat?post=2443"},{"taxonomy":"product_tag","embeddable":true,"href":"https:\/\/interoceanica.com.bo\/index.php\/wp-json\/wp\/v2\/product_tag?post=2443"}],"curies":[{"name":"wp","href":"https:\/\/api.w.org\/{rel}","templated":true}]}}