{"id":2349,"date":"2025-02-24T09:33:56","date_gmt":"2025-02-24T12:33:56","guid":{"rendered":"https:\/\/interoceanica.com.bo\/?post_type=product&#038;p=2349"},"modified":"2025-03-01T13:46:27","modified_gmt":"2025-03-01T16:46:27","slug":"bicicleta-electrica-750watt","status":"publish","type":"product","link":"https:\/\/interoceanica.com.bo\/index.php\/producto\/bicicleta-electrica-750watt\/","title":{"rendered":"Bicicleta El\u00e9ctrica 750watt"},"content":{"rendered":"<p>750watt Bicicleta El\u00e9ctrica de Neum\u00e1ticos Anchos 21 Engranajes 13ah Bicicleta Electr\u00f3nica Bicicleta El\u00e9ctrica<\/p>\n<p><strong>Caracter\u00edsticas<\/strong><br \/>\n1.neum\u00e1tico de 26 pulgadas, f\u00e1cil de gestionar, la comodidad es mezor<br \/>\n2.bicicleta el\u00e9ctrica de monta\u00f1a; con electricidad, el monta\u00f1ismo y los grandes pasos en bicicleta son f\u00e1ciles y divertidos<br \/>\n3.Bater\u00eda de iones de 48 V, bater\u00eda de bajo consumo y uso cambiode<br \/>\n4.tipo legable;<br \/>\n5.Bicicleta de refugio de rueda integrada para scooter de adultos, lo que hace que el montar tenga m\u00e1s sentido o velocidad y fuerza<\/p>\n<p>Esta bicicleta es una bicicleta electr\u00f3nica plegable silenciosa, suave, s\u00f3lida y potente. \u00a1para que las condiciones disfrutar de una conducci\u00f3n c\u00f3moda con \u00e9l! La bicicleta el\u00e9ctrica es un nuevo modelo de ciudad en bicleta en este a\u00f1o. El nuevo sistema utiliza motores el\u00e9ctricos de Marca (KENDA, HENG SHIN) y celdas el\u00e9ctricas de Marca (panasonic, Samsung, clase A), una gran pantalla LCD y un panel de control. Notar\u00e1 la gran pantalla LCD que est\u00e1 al frente y en el centro del manillar y es muy f\u00e1cil de usar. La pantalla proporciona informaci\u00f3n como el nivel de asistencia del pedal (o modo de aceleraci\u00f3n), el nivel de la bater\u00eda, la velocidad, el od\u00f3metro y la estancia recorda. Esta es una colecci\u00f3n de bicicletas secundarias, bic\u00edletas el\u00e9ctricas, bic\u00edletas de monta\u00f1a, bic\u00edletas de nieve, bic\u00edletas el\u00e9ctricas de playa de arena en una, en la vida es muy conveniente y pr\u00e1ctica.<\/p>\n<p>&nbsp;<\/p>\n","protected":false},"excerpt":{"rendered":"<p>&nbsp;<\/p>\n<p><img fetchpriority=\"high\" decoding=\"async\" class=\"alignnone wp-image-2362 size-large\" src=\"https:\/\/interoceanica.com.bo\/wp-content\/uploads\/2025\/02\/minch-bic-10-1024x415.webp\" alt=\"\" width=\"1024\" height=\"415\" srcset=\"https:\/\/interoceanica.com.bo\/wp-content\/uploads\/2025\/02\/minch-bic-10-1024x415.webp 1024w, https:\/\/interoceanica.com.bo\/wp-content\/uploads\/2025\/02\/minch-bic-10-300x122.webp 300w, https:\/\/interoceanica.com.bo\/wp-content\/uploads\/2025\/02\/minch-bic-10-768x311.webp 768w, https:\/\/interoceanica.com.bo\/wp-content\/uploads\/2025\/02\/minch-bic-10-600x243.webp 600w, https:\/\/interoceanica.com.bo\/wp-content\/uploads\/2025\/02\/minch-bic-10-1000x405.webp 1000w, https:\/\/interoceanica.com.bo\/wp-content\/uploads\/2025\/02\/minch-bic-10.webp 1100w\" sizes=\"(max-width: 1024px) 100vw, 1024px\" \/><\/p>\n<p><img class=\"alignnone wp-image-2361 ... \n<\/p>\n","protected":false},"featured_media":2354,"comment_status":"open","ping_status":"closed","template":"","meta":[],"product_brand":[80],"product_cat":[15],"product_tag":[],"class_list":{"0":"post-2349","1":"product","2":"type-product","3":"status-publish","4":"has-post-thumbnail","6":"product_brand-electricos","7":"product_cat-vehiculoa-electricos","9":"first","10":"instock","11":"shipping-taxable","12":"product-type-simple"},"_links":{"self":[{"href":"https:\/\/interoceanica.com.bo\/index.php\/wp-json\/wp\/v2\/product\/2349","targetHints":{"allow":["GET"]}}],"collection":[{"href":"https:\/\/interoceanica.com.bo\/index.php\/wp-json\/wp\/v2\/product"}],"about":[{"href":"https:\/\/interoceanica.com.bo\/index.php\/wp-json\/wp\/v2\/types\/product"}],"replies":[{"embeddable":true,"href":"https:\/\/interoceanica.com.bo\/index.php\/wp-json\/wp\/v2\/comments?post=2349"}],"wp:featuredmedia":[{"embeddable":true,"href":"https:\/\/interoceanica.com.bo\/index.php\/wp-json\/wp\/v2\/media\/2354"}],"wp:attachment":[{"href":"https:\/\/interoceanica.com.bo\/index.php\/wp-json\/wp\/v2\/media?parent=2349"}],"wp:term":[{"taxonomy":"product_brand","embeddable":true,"href":"https:\/\/interoceanica.com.bo\/index.php\/wp-json\/wp\/v2\/product_brand?post=2349"},{"taxonomy":"product_cat","embeddable":true,"href":"https:\/\/interoceanica.com.bo\/index.php\/wp-json\/wp\/v2\/product_cat?post=2349"},{"taxonomy":"product_tag","embeddable":true,"href":"https:\/\/interoceanica.com.bo\/index.php\/wp-json\/wp\/v2\/product_tag?post=2349"}],"curies":[{"name":"wp","href":"https:\/\/api.w.org\/{rel}","templated":true}]}}