{"id":2347,"date":"2025-02-24T09:32:20","date_gmt":"2025-02-24T12:32:20","guid":{"rendered":"https:\/\/interoceanica.com.bo\/?post_type=product&#038;p=2347"},"modified":"2025-03-01T13:46:42","modified_gmt":"2025-03-01T16:46:42","slug":"lampara-solar-de-calle","status":"publish","type":"product","link":"https:\/\/interoceanica.com.bo\/index.php\/producto\/lampara-solar-de-calle\/","title":{"rendered":"L\u00e1mpara Solar de Calle"},"content":{"rendered":"<p>L\u00e1mpara Solar de Calle Impermeable con 350 LED &#8211; 6500K, Control Remoto, F\u00e1cil Instalaci\u00f3n para Garaje, Jard\u00edn, Terraza.<\/p>\n<div class=\"_2R_25RK2\"><\/div>\n","protected":false},"excerpt":{"rendered":"<div class=\"_2R_25RK2\">\n<h2 class=\"FSPfUoK9\">Detalles del producto<\/h2>\n<\/div>\n<div class=\"B_OB3uj0\">\n<div>\n<div class=\"_1YBVObhm\" tabindex=\"0\" role=\"button\" aria-label=\"Material: Pl\u00e1stico\">Material:\u00a0Pl\u00e1stico<\/div>\n<div ...  \n\n","protected":false},"featured_media":2457,"comment_status":"open","ping_status":"closed","template":"","meta":[],"product_brand":[80,82,83,84,85],"product_cat":[64,62],"product_tag":[],"class_list":{"0":"post-2347","1":"product","2":"type-product","3":"status-publish","4":"has-post-thumbnail","6":"product_brand-electricos","7":"product_brand-scooter-monopatin","8":"product_brand-seguridad","9":"product_brand-solar","10":"product_brand-tecnologias","11":"product_cat-sistemas-de-seguridad","12":"product_cat-tecnologia-inteligente","14":"first","15":"instock","16":"shipping-taxable","17":"product-type-simple"},"_links":{"self":[{"href":"https:\/\/interoceanica.com.bo\/index.php\/wp-json\/wp\/v2\/product\/2347","targetHints":{"allow":["GET"]}}],"collection":[{"href":"https:\/\/interoceanica.com.bo\/index.php\/wp-json\/wp\/v2\/product"}],"about":[{"href":"https:\/\/interoceanica.com.bo\/index.php\/wp-json\/wp\/v2\/types\/product"}],"replies":[{"embeddable":true,"href":"https:\/\/interoceanica.com.bo\/index.php\/wp-json\/wp\/v2\/comments?post=2347"}],"wp:featuredmedia":[{"embeddable":true,"href":"https:\/\/interoceanica.com.bo\/index.php\/wp-json\/wp\/v2\/media\/2457"}],"wp:attachment":[{"href":"https:\/\/interoceanica.com.bo\/index.php\/wp-json\/wp\/v2\/media?parent=2347"}],"wp:term":[{"taxonomy":"product_brand","embeddable":true,"href":"https:\/\/interoceanica.com.bo\/index.php\/wp-json\/wp\/v2\/product_brand?post=2347"},{"taxonomy":"product_cat","embeddable":true,"href":"https:\/\/interoceanica.com.bo\/index.php\/wp-json\/wp\/v2\/product_cat?post=2347"},{"taxonomy":"product_tag","embeddable":true,"href":"https:\/\/interoceanica.com.bo\/index.php\/wp-json\/wp\/v2\/product_tag?post=2347"}],"curies":[{"name":"wp","href":"https:\/\/api.w.org\/{rel}","templated":true}]}}