{"id":1192,"date":"2021-09-20T10:52:21","date_gmt":"2021-09-20T10:52:21","guid":{"rendered":"https:\/\/xtratheme.com\/book-shop\/?post_type=product&#038;p=1192"},"modified":"2025-03-01T13:47:31","modified_gmt":"2025-03-01T16:47:31","slug":"maquina-infladora-portatil-arrancador-vehiculo","status":"publish","type":"product","link":"https:\/\/interoceanica.com.bo\/index.php\/producto\/maquina-infladora-portatil-arrancador-vehiculo\/","title":{"rendered":"M\u00e1quina infladora port\u00e1til &#8211; Arrancador Veh\u00edculo"},"content":{"rendered":"<p>M\u00e1quina infladora port\u00e1til 5-en-1 con arrancador de coche, bomba de neum\u00e1ticos digital de 150PSI, iluminaci\u00f3n de emergencia LED, bater\u00eda de pol\u00edmero de litio recargable por USB, funcionamiento autom\u00e1tico, material ABS, para uso deportivo y al aire libre<\/p>\n","protected":false},"excerpt":{"rendered":"<div class=\"_2R_25RK2\">\n<h2 class=\"FSPfUoK9\">Detalles del producto<\/h2>\n<div class=\"_8O63Jowt\">\n<div class=\"_2yTA5nwz\" tabindex=\"0\" role=\"button\" aria-haspopup=\"dialog\" aria-label=\"Reportar ...  \n\n","protected":false},"featured_media":2292,"comment_status":"open","ping_status":"closed","template":"","meta":[],"product_brand":[80,83],"product_cat":[15,65],"product_tag":[],"class_list":{"0":"post-1192","1":"product","2":"type-product","3":"status-publish","4":"has-post-thumbnail","6":"product_brand-electricos","7":"product_brand-seguridad","8":"product_cat-vehiculoa-electricos","9":"product_cat-accesorios-varios","11":"first","12":"instock","13":"shipping-taxable","14":"product-type-simple"},"_links":{"self":[{"href":"https:\/\/interoceanica.com.bo\/index.php\/wp-json\/wp\/v2\/product\/1192","targetHints":{"allow":["GET"]}}],"collection":[{"href":"https:\/\/interoceanica.com.bo\/index.php\/wp-json\/wp\/v2\/product"}],"about":[{"href":"https:\/\/interoceanica.com.bo\/index.php\/wp-json\/wp\/v2\/types\/product"}],"replies":[{"embeddable":true,"href":"https:\/\/interoceanica.com.bo\/index.php\/wp-json\/wp\/v2\/comments?post=1192"}],"wp:featuredmedia":[{"embeddable":true,"href":"https:\/\/interoceanica.com.bo\/index.php\/wp-json\/wp\/v2\/media\/2292"}],"wp:attachment":[{"href":"https:\/\/interoceanica.com.bo\/index.php\/wp-json\/wp\/v2\/media?parent=1192"}],"wp:term":[{"taxonomy":"product_brand","embeddable":true,"href":"https:\/\/interoceanica.com.bo\/index.php\/wp-json\/wp\/v2\/product_brand?post=1192"},{"taxonomy":"product_cat","embeddable":true,"href":"https:\/\/interoceanica.com.bo\/index.php\/wp-json\/wp\/v2\/product_cat?post=1192"},{"taxonomy":"product_tag","embeddable":true,"href":"https:\/\/interoceanica.com.bo\/index.php\/wp-json\/wp\/v2\/product_tag?post=1192"}],"curies":[{"name":"wp","href":"https:\/\/api.w.org\/{rel}","templated":true}]}}